{"id":8,"date":"2024-02-06T08:22:35","date_gmt":"2024-02-06T07:22:35","guid":{"rendered":"https:\/\/greenkiwi.digitalplace.ch\/?page_id=8"},"modified":"2024-05-14T10:18:18","modified_gmt":"2024-05-14T08:18:18","slug":"impressum","status":"publish","type":"page","link":"https:\/\/greenkiwi.digitalplace.ch\/index.php\/impressum\/","title":{"rendered":"Impressum"},"content":{"rendered":"\t\t<div data-elementor-type=\"wp-page\" data-elementor-id=\"8\" class=\"elementor elementor-8\" data-elementor-post-type=\"page\">\n\t\t\t\t<div class=\"elementor-element elementor-element-1f66c39 e-flex e-con-boxed e-con e-parent\" data-id=\"1f66c39\" data-element_type=\"container\" data-e-type=\"container\">\n\t\t\t\t\t<div class=\"e-con-inner\">\n\t\t\t\t<div class=\"elementor-element elementor-element-9beac68 elementor-widget elementor-widget-text-editor\" data-id=\"9beac68\" data-element_type=\"widget\" data-e-type=\"widget\" data-widget_type=\"text-editor.default\">\n\t\t\t\t<div class=\"elementor-widget-container\">\n\t\t\t\t\t\t\t\t\t<h2 class=\"p1\"><span class=\"s1\">Impressum<\/span><\/h2><p class=\"p2\"><span class=\"s1\">Die auf dieser Webseite publizierten Texte, Dokumente und Bilder etc. sind \u2013 sofern nicht anders angegeben \u2013 geistiges Eigentum von greenkiwi.<\/span><\/p><p class=\"p2\"><span class=\"s1\">Die Urheber &#8211; und anderen rechte an Inhalten, Bilder, Fotos oder anderen Dateien auf dieser Website, geh\u00f6ren ausschliesslich Connie Sch\u00e4rli oder den speziell genannten<\/span><\/p><p class=\"p2\"><span class=\"s1\">Rechteinhabern. <\/span><\/p><p class=\"p5\"><span class=\"s1\">Inhaberin<\/span><\/p><p class=\"p2\"><span class=\"s1\"><b>greenkiwi<br \/><\/b>Connie Sch\u00e4rli<br \/>Schopfe 5<br \/>6024 Hildisrieden<br \/>Mobile <a href=\"tel:078%20819%2051%2085\"><span class=\"s2\">07<\/span><\/a><\/span><span class=\"s2\">9 206 33 60<\/span><span class=\"s1\"><br \/><a href=\"mailto:info@praxis-lindenhof.ch\"><span class=\"s2\">info@greenk<\/span><\/a><\/span><span class=\"s2\">iwi.ch<\/span><\/p><p class=\"p5\"><span class=\"s1\">Design und Programmierung<\/span><\/p><p class=\"p2\"><span class=\"s1\">Dany Kirchhofer<br \/><a href=\"https:\/\/dk-kom.ch\/\"><span class=\"s2\">www.dk-kom.ch<\/span><\/a><\/span><\/p><p class=\"p6\"><span class=\"s3\">Sandro B\u00fcchler<br \/><a href=\"https:\/\/sandrobuechler.ch\/\"><span class=\"s2\">www.sandrobuechler.ch<\/span><\/a><\/span><\/p>\t\t\t\t\t\t\t\t<\/div>\n\t\t\t\t<\/div>\n\t\t\t\t\t<\/div>\n\t\t\t\t<\/div>\n\t\t\t\t<\/div>\n\t\t","protected":false},"excerpt":{"rendered":"<p>Impressum Die auf dieser Webseite publizierten Texte, Dokumente und Bilder etc. sind \u2013 sofern nicht anders angegeben \u2013 geistiges Eigentum von greenkiwi. Die Urheber &#8211; und anderen rechte an Inhalten, Bilder, Fotos oder anderen Dateien auf dieser Website, geh\u00f6ren ausschliesslich Connie Sch\u00e4rli oder den speziell genannten Rechteinhabern. Inhaberin greenkiwiConnie Sch\u00e4rliSchopfe 56024 HildisriedenMobile 079 206 33 [&hellip;]<\/p>\n","protected":false},"author":1,"featured_media":0,"parent":0,"menu_order":0,"comment_status":"closed","ping_status":"closed","template":"elementor_header_footer","meta":{"footnotes":""},"class_list":["post-8","page","type-page","status-publish","hentry"],"_links":{"self":[{"href":"https:\/\/greenkiwi.digitalplace.ch\/index.php\/wp-json\/wp\/v2\/pages\/8","targetHints":{"allow":["GET"]}}],"collection":[{"href":"https:\/\/greenkiwi.digitalplace.ch\/index.php\/wp-json\/wp\/v2\/pages"}],"about":[{"href":"https:\/\/greenkiwi.digitalplace.ch\/index.php\/wp-json\/wp\/v2\/types\/page"}],"author":[{"embeddable":true,"href":"https:\/\/greenkiwi.digitalplace.ch\/index.php\/wp-json\/wp\/v2\/users\/1"}],"replies":[{"embeddable":true,"href":"https:\/\/greenkiwi.digitalplace.ch\/index.php\/wp-json\/wp\/v2\/comments?post=8"}],"version-history":[{"count":4,"href":"https:\/\/greenkiwi.digitalplace.ch\/index.php\/wp-json\/wp\/v2\/pages\/8\/revisions"}],"predecessor-version":[{"id":281,"href":"https:\/\/greenkiwi.digitalplace.ch\/index.php\/wp-json\/wp\/v2\/pages\/8\/revisions\/281"}],"wp:attachment":[{"href":"https:\/\/greenkiwi.digitalplace.ch\/index.php\/wp-json\/wp\/v2\/media?parent=8"}],"curies":[{"name":"wp","href":"https:\/\/api.w.org\/{rel}","templated":true}]}}