{"id":9,"date":"2024-02-06T08:22:41","date_gmt":"2024-02-06T07:22:41","guid":{"rendered":"https:\/\/greenkiwi.digitalplace.ch\/?page_id=9"},"modified":"2024-05-14T10:19:47","modified_gmt":"2024-05-14T08:19:47","slug":"datenschutzbestimmungen","status":"publish","type":"page","link":"https:\/\/greenkiwi.digitalplace.ch\/index.php\/datenschutzbestimmungen\/","title":{"rendered":"Datenschutzbestimmungen"},"content":{"rendered":"\t\t<div data-elementor-type=\"wp-page\" data-elementor-id=\"9\" class=\"elementor elementor-9\" data-elementor-post-type=\"page\">\n\t\t\t\t<div class=\"elementor-element elementor-element-ba1d9e6 e-flex e-con-boxed e-con e-parent\" data-id=\"ba1d9e6\" data-element_type=\"container\" data-e-type=\"container\">\n\t\t\t\t\t<div class=\"e-con-inner\">\n\t\t\t\t<div class=\"elementor-element elementor-element-d0bf828 elementor-widget elementor-widget-text-editor\" data-id=\"d0bf828\" data-element_type=\"widget\" data-e-type=\"widget\" data-widget_type=\"text-editor.default\">\n\t\t\t\t<div class=\"elementor-widget-container\">\n\t\t\t\t\t\t\t\t\t<h2 class=\"p1\"><span class=\"s1\">Datenschutzbestimmungen<\/span><\/h2><p class=\"p2\"><span class=\"s1\"><br \/><\/span><span class=\"s2\"><b>greenkiwi<br \/><\/b>Connie Sch\u00e4rli<br \/>Schopfe 5<br \/>6024 Hildisrieden<br \/>Mobile <span class=\"s3\">0<\/span><span class=\"s3\">7<\/span><\/span><span class=\"s4\">6 206 33 60<\/span><span class=\"s2\"><br \/><a href=\"mailto:info@greenkiwi.ch\"><span class=\"s3\">info@greenkiwi.ch<\/span><\/a><\/span><span class=\"s1\"><br \/><br \/><b>Vertretungsberechtigte Person<\/b><br \/><\/span><span class=\"s5\">Connie Sch\u00e4rli<\/span><span class=\"s1\"><br \/><br \/><b>Name des Unternehmens:<\/b> greenkiwi Ern\u00e4hrungsbalance<br \/><br \/><b>Datenschutzbeauftragte Person:<\/b><br \/>Greenkiwi<br \/>Telefon <a href=\"tel:041%20921%2086%2023\"><span class=\"s3\">+41 (0) 76 206 33 60<\/span><\/a><br \/><a href=\"mailto:info@praxis-lindenhof.ch\"><span class=\"s3\">info@greenkiwi.ch<\/span><\/a><br \/><br \/><b>Allgemeines \/ Einleitung<\/b><br \/>Gest\u00fctzt auf Artikel 13 der Schweizerischen Bundesverfassung und die datenschutzrechtlichen Bestimmungen des Bundes (Datenschutzgesetz, DSG) hat jede Person Anspruch auf Schutz ihrer Privatsph\u00e4re sowie auf Schutz vor Missbrauch ihrer pers\u00f6nlichen Daten. Die Betreiber dieser Seiten nehmen den Schutz Ihrer pers\u00f6nlichen Daten sehr ernst. Wir behandeln Ihre personenbezogenen Daten vertraulich und entsprechend der gesetzlichen Datenschutzvorschriften sowie dieser Datenschutzerkl\u00e4rung.<br \/><br \/>In Zusammenarbeit mit unseren Hosting-Providern bem\u00fchen wir uns, die Datenbanken so gut wie m\u00f6glich vor unberechtigtem Zugriff, Verlust, Missbrauch oder Verf\u00e4lschung zu sch\u00fctzen.<br \/><br \/>Wir weisen darauf hin, dass die Daten\u00fcbertragung im Internet (z.B. bei der Kommunikation per E-Mail) Sicherheitsl\u00fccken aufweisen kann. Ein l\u00fcckenloser Schutz der Daten vor dem Zugriff durch Dritte ist nicht m\u00f6glich.<br \/><br \/>Durch die Nutzung dieser Website erkl\u00e4ren Sie sich mit der Erhebung, Verarbeitung und Nutzung von Daten gem\u00e4ss der nachfolgenden Beschreibung einverstanden. Diese Website kann grunds\u00e4tzlich ohne Registrierung besucht werden. Daten wie aufgerufene Seiten oder Namen von aufgerufenen Dateien, Datum und Uhrzeit werden zu statistischen Zwecken auf dem Server gespeichert, ohne dass diese Daten unmittelbar auf Ihre Person bezogen werden. Soweit auf unseren Seiten personenbezogene Daten (beispielsweise Name, Anschrift oder eMail-Adressen) erhoben werden, erfolgt dies, soweit m\u00f6glich, stets auf freiwilliger Basis. Diese Daten werden ohne Ihre ausdr\u00fcckliche Zustimmung nicht an Dritte weitergegeben.<br \/><br \/><b>Verarbeitung personenbezogener Daten<\/b><br \/>Personenbezogene Daten sind alle Informationen, die sich auf eine identifizierte oder identifizierbare Person beziehen. Eine betroffene Person ist eine Person, \u00fcber die personenbezogene Daten verarbeitet werden. Die Verarbeitung umfasst jeden Umgang mit personenbezogenen Daten, unabh\u00e4ngig von den verwendeten Mitteln und Verfahren, insbesondere die Speicherung, Weitergabe, Beschaffung, L\u00f6schung, Aufbewahrung, Ver\u00e4nderung, Vernichtung und Verwendung personenbezogener Daten.<br \/><br \/>Wir verarbeiten personenbezogene Daten in \u00dcbereinstimmung mit dem Schweizer Datenschutzrecht. Sofern und soweit die EU-DSGVO anwendbar ist, verarbeiten wir personenbezogene Daten dar\u00fcber hinaus auf folgenden Rechtsgrundlagen in Verbindung mit Art. 6 (1) GDPR:<br \/>lit. a) Verarbeitung personenbezogener Daten mit Einwilligung der betroffenen Person.<br \/>lit. b) Verarbeitung personenbezogener Daten zur Erf\u00fcllung eines Vertrages mit der betroffenen Person sowie zur Durchf\u00fchrung entsprechender vorvertraglicher Massnahmen.<br \/>lit. c) Verarbeitung personenbezogener Daten zur Erf\u00fcllung einer rechtlichen Verpflichtung, der wir nach geltendem Recht der EU oder nach geltendem Recht eines Landes, in dem die GDPR ganz oder teilweise anwendbar ist, unterliegen. <br \/>lit. d) Verarbeitung personenbezogener Daten zur Wahrung lebenswichtiger Interessen der betroffenen Person oder einer anderen nat\u00fcrlichen Person.<br \/>lit. f) Verarbeitung personenbezogener Daten zur Wahrung der berechtigten Interessen von uns oder von Dritten, sofern nicht die Grundfreiheiten und Rechte und Interessen der betroffenen Person \u00fcberwiegen. Zu den berechtigten Interessen geh\u00f6ren insbesondere unser gesch\u00e4ftliches Interesse, unsere Website bereitstellen zu k\u00f6nnen, die Informationssicherheit, die Durchsetzung eigener Rechtsanspr\u00fcche und die Einhaltung des schweizerischen Rechts.<br \/><br \/>Wir verarbeiten personenbezogene Daten f\u00fcr die Dauer, die f\u00fcr den jeweiligen Zweck oder die jeweiligen Zwecke erforderlich ist. Bei l\u00e4ngerfristigen Aufbewahrungspflichten aufgrund gesetzlicher und anderer Verpflichtungen, denen wir unterliegen, schr\u00e4nken wir die Bearbeitung entsprechend ein.<br \/><br \/><b>Cookies<\/b><br \/>Diese Website verwendet Cookies. Dabei handelt es sich um kleine Textdateien, die es erm\u00f6glichen, spezifische, auf den Nutzer bezogene Informationen auf dem Endger\u00e4t des Nutzers zu speichern, w\u00e4hrend der Nutzer die Website nutzt. Cookies erm\u00f6glichen es insbesondere, die Nutzungsh\u00e4ufigkeit und die Anzahl der Nutzer der Seiten zu ermitteln, Verhaltensmuster der Seitennutzung zu analysieren, aber auch, unser Angebot kundenfreundlicher zu gestalten. Cookies bleiben \u00fcber das Ende einer Browser-Sitzung hinaus gespeichert und k\u00f6nnen bei einem erneuten Besuch der Seite wieder abgerufen werden. Wenn Sie dies nicht w\u00fcnschen, sollten Sie Ihren Internet-Browser so einstellen, dass er die Annahme von Cookies verweigert.<br \/><br \/>Ein genereller Widerspruch gegen die Verwendung von Cookies zu Online-Marketing-Zwecken kann f\u00fcr eine Vielzahl der Dienste, insbesondere beim Tracking, \u00fcber die US-Seite http:\/\/www.aboutads.info\/choices\/ oder die EU-Seite http:\/\/www.youronlinechoices.com\/ erkl\u00e4rt werden. Dar\u00fcber hinaus kann die Speicherung von Cookies durch Deaktivierung in den Browsereinstellungen erreicht werden. Bitte beachten Sie, dass in diesem Fall nicht alle Funktionen dieses Online-Angebots genutzt werden k\u00f6nnen.<br \/><br \/><b>Mit SSL\/TLS-Verschl\u00fcsselung<\/b><br \/>Diese Website verwendet aus Sicherheitsgr\u00fcnden und zum Schutz der \u00dcbertragung vertraulicher Inhalte, wie z.B. Anfragen, die Sie an uns als Seitenbetreiber senden, eine SSL\/TLS-Verschl\u00fcsselung. Eine verschl\u00fcsselte Verbindung erkennen Sie daran, dass die Adresszeile des Browsers von \u00abhttp:\/\/\u00bb auf \u00abhttps:\/\/\u00bb wechselt und an dem Schloss-Symbol in Ihrer Browserzeile.<br \/><br \/>Wenn die SSL- oder TLS-Verschl\u00fcsselung aktiviert ist, k\u00f6nnen die Daten, die Sie an uns \u00fcbermitteln, nicht von Dritten gelesen werden.<br \/><br \/><b>Server-Log-Dateien<\/b><br \/>Der Provider dieser Website erhebt und speichert automatisch Informationen in so genannten Server-Log-Dateien, die Ihr Browser automatisch an uns \u00fcbermittelt. Dies sind:<br \/>Browsertyp und Browserversion<br \/>Verwendetes Betriebssystem<br \/>Referrer URL<br \/>Hostname des zugreifenden Rechners<br \/>Zeitpunkt der Serveranfrage<br \/><br \/>Diese Daten sind nicht bestimmten Personen zuordenbar. Eine Zusammenf\u00fchrung dieser Daten mit anderen Datenquellen wird nicht vorgenommen. Wir behalten uns vor, diese Daten nachtr\u00e4glich zu pr\u00fcfen, wenn uns konkrete Anhaltspunkte f\u00fcr eine rechtswidrige Nutzung bekannt werden.<br \/><br \/><b>Dienste von Drittanbietern<\/b><br \/>Diese Website kann Google Maps zur Einbettung von Karten, Google Invisible reCAPTCHA zum Schutz vor Bots und Spam und YouTube zur Einbettung von Videos nutzen.<br \/><br \/>Diese Dienste der amerikanischen Google LLC verwenden u.a. Cookies, wodurch Daten an Google in die USA \u00fcbertragen werden, wobei wir davon ausgehen, dass in diesem Zusammenhang allein durch die Nutzung unserer Website kein personenbezogenes Tracking stattfindet. <br \/><br \/>Google hat sich verpflichtet, einen angemessenen Datenschutz gem\u00e4ss dem US-amerikanisch-europ\u00e4ischen und dem US-amerikanisch-schweizerischen Privacy Shield zu gew\u00e4hrleisten.<br \/><br \/>Weitere Informationen finden Sie in den Datenschutzbestimmungen von Google.<br \/><br \/><b>Kontaktformular<\/b><br \/>Wenn Sie uns per Kontaktformular Anfragen zukommen lassen, werden Ihre Angaben aus dem Anfrageformular inklusive der von Ihnen dort angegebenen Kontaktdaten zwecks Bearbeitung der Anfrage und f\u00fcr den Fall von Anschlussfragen bei uns gespeichert. Diese Daten geben wir nicht ohne Ihre Einwilligung weiter.<br \/><br \/><b>Newsletter<\/b><br \/>Wenn Sie den auf der Webseite angebotenen Newsletter empfangen m\u00f6chten, ben\u00f6tigen wir von Ihnen eine E-Mail-Adresse sowie Informationen, welche uns die \u00dcberpr\u00fcfung gestatten, dass Sie der Inhaber der angegebenen E-Mail-Adresse sind und mit dem Empfang des Newsletters einverstanden sind. Weitere Daten werden nicht erhoben. Diese Daten verwenden wir ausschliesslich f\u00fcr den Versand der angeforderten Informationen und geben sie nicht an Dritte weiter.<br \/>Nachdem Sie Ihre Einwilligung zur Speicherung der Daten, der E-Mail-Adresse sowie deren Nutzung zum Versand des Newsletters erteilt haben, k\u00f6nnen Sie diese jederzeit widerrufen, etwa \u00fcber den \u00abAbmeldelink\u00bb im Newsletter.<br \/><br \/><b>Google Ads<\/b><br \/>Diese Website verwendet Google Conversion Tracking. Wenn Sie \u00fcber eine von Google geschaltete Anzeige auf unsere Website gelangt sind, wird von Google Ads ein Cookie auf Ihrem Computer gesetzt. Das Cookie f\u00fcr das Conversion-Tracking wird gesetzt, wenn ein Nutzer auf eine von Google geschaltete Anzeige klickt. Diese Cookies verlieren nach 30 Tagen ihre G\u00fcltigkeit und werden nicht zur pers\u00f6nlichen Identifizierung verwendet. Wenn der Nutzer bestimmte Seiten unserer Website besucht und das Cookie noch nicht abgelaufen ist, k\u00f6nnen wir und Google erkennen, dass der Nutzer auf die Anzeige geklickt hat und zu dieser Seite weitergeleitet wurde. Jeder Google Ads-Kunde erh\u00e4lt ein anderes Cookie. Cookies k\u00f6nnen daher nicht \u00fcber die Websites der Ads-Kunden hinweg nachverfolgt werden. Die mithilfe des Conversion-Cookies gewonnenen Informationen werden verwendet, um Conversion-Statistiken f\u00fcr Ads-Kunden zu erstellen, die sich f\u00fcr das Conversion-Tracking entschieden haben. Die Kunden erfahren die Gesamtzahl der Nutzer, die auf ihre Anzeige geklickt haben und zu einer mit einem Conversion-Tracking-Tag versehenen Seite weitergeleitet wurden. Sie erhalten jedoch keine Informationen, die zur pers\u00f6nlichen Identifizierung von Nutzern verwendet werden k\u00f6nnen.<br \/>Wenn Sie nicht am Tracking teilnehmen m\u00f6chten, k\u00f6nnen Sie das Setzen eines daf\u00fcr erforderlichen Cookies verweigern \u2013 zum Beispiel durch eine Browser-Einstellung, die das automatische Setzen von Cookies generell deaktiviert, oder indem Sie Ihren Browser so einstellen, dass Cookies von der Domain \u00abgoogleleadservices.com\u00bb blockiert werden.<br \/>Bitte beachten Sie, dass Sie die Opt-Out-Cookies nicht l\u00f6schen d\u00fcrfen, solange Sie nicht m\u00f6chten, dass Messdaten erfasst werden. Wenn Sie alle Ihre Cookies im Browser gel\u00f6scht haben, m\u00fcssen Sie das jeweilige Opt-Out-Cookie erneut setzen.<br \/><br \/><b>Google Analytics<\/b><br \/>Diese Website benutzt Google Analytics, einen Webanalysedienst, der von Google Ireland Limited bereitgestellt wird. Befindet sich der f\u00fcr die Datenverarbeitung auf dieser Website Verantwortliche ausserhalb des Europ\u00e4ischen Wirtschaftsraums oder der Schweiz, so wird die Datenverarbeitung von Google Analytics von Google LLC durchgef\u00fchrt. Google LLC und Google Ireland Limited werden im Folgenden als \u00abGoogle\u00bb bezeichnet.<br \/>Die gewonnenen Statistiken erm\u00f6glichen es uns, unser Angebot zu verbessern und f\u00fcr Sie als Nutzer interessanter zu gestalten. Diese Website verwendet Google Analytics auch f\u00fcr eine ger\u00e4te\u00fcbergreifende Analyse der Besucherstr\u00f6me, die \u00fcber eine Benutzerkennung erfolgt. Wenn Sie \u00fcber ein Google-Benutzerkonto verf\u00fcgen, k\u00f6nnen Sie die ger\u00e4te\u00fcbergreifende Analyse Ihrer Nutzung in den dortigen Einstellungen unter \u00abMeine Daten\u00bb, \u00abPers\u00f6nliche Daten\u00bb deaktivieren.<br \/>Die Rechtsgrundlage f\u00fcr den Einsatz von Google Analytics ist Art. 6 Abs. 1 S. 1 lit. f DS-GVO. Die im Rahmen von Google Analytics von Ihrem Browser \u00fcbermittelte IP-Adresse wird nicht mit anderen Daten von Google zusammengef\u00fchrt. Wir weisen Sie darauf hin, dass auf dieser Website Google Analytics um den Code \u00ab_anonymizeIp();\u00bb erweitert wurde, um eine anonymisierte Erfassung von IP-Adressen zu gew\u00e4hrleisten. Das bedeutet, dass IP-Adressen in gek\u00fcrzter Form verarbeitet werden, so dass sie nicht mit einer bestimmten Person in Verbindung gebracht werden k\u00f6nnen. Sollten die \u00fcber Sie erhobenen Daten einer Person zugeordnet werden k\u00f6nnen, wird dies sofort ausgeschlossen und die personenbezogenen Daten werden umgehend gel\u00f6scht.<br \/>ur in Ausnahmef\u00e4llen wird die volle IP-Adresse an einen Server von Google in den USA \u00fcbertragen und dort gek\u00fcrzt. Im Auftrag des Betreibers dieser Website wird Google diese Informationen benutzen, um Ihre Nutzung der Website auszuwerten, um Reports \u00fcber die Websiteaktivit\u00e4ten zusammenzustellen und um weitere mit der Websitenutzung und der Internetnutzung verbundene Dienstleistungen gegen\u00fcber dem Websitebetreiber zu erbringen. F\u00fcr die Ausnahmef\u00e4lle, in denen personenbezogene Daten in die USA \u00fcbertragen werden, hat sich Google dem EU-US Privacy Shield unterworfen, https:\/\/www.privacyshield.gov\/EU-US-Framework. <br \/>Google Analytics verwendet Cookies. Die durch den Cookie erzeugten Informationen \u00fcber Ihre Benutzung dieser Website werden in der Regel an einen Server von Google in den USA \u00fcbertragen und dort gespeichert. Sie k\u00f6nnen die Speicherung der Cookies durch eine entsprechende Einstellung Ihrer Browser-Software verhindern; wir weisen Sie jedoch darauf hin, dass Sie in diesem Fall gegebenenfalls nicht s\u00e4mtliche Funktionen dieser Website vollumf\u00e4nglich werden nutzen k\u00f6nnen. Sie k\u00f6nnen dar\u00fcber hinaus die Erfassung der durch das Cookie erzeugten und auf Ihre Nutzung der Website bezogenen Daten (inkl. Ihrer IP-Adresse) an Google sowie die Verarbeitung dieser Daten durch Google verhindern, indem sie das unter dem folgenden Link verf\u00fcgbare Browser-Plugin herunterladen und installieren: Google Analytics deaktivieren.<br \/>Dar\u00fcber hinaus k\u00f6nnen Sie auch die Nutzung von Google Analytics verhindern, indem Sie auf diesen Link klicken: Google Analytics deaktivieren. Dadurch wird ein sog. Opt-Out-Cookie auf Ihrem Datentr\u00e4ger gespeichert, der die Verarbeitung personenbezogener Daten durch Google Analytics verhindert. Bitte beachten Sie, dass beim L\u00f6schen aller Cookies auf Ihrem Endger\u00e4t auch diese Opt-Out-Cookies gel\u00f6scht werden, d.h. Sie m\u00fcssen die Opt-Out-Cookies erneut setzen, wenn Sie diese Form der Datenerhebung weiterhin verhindern wollen. Die Opt-Out-Cookies werden pro Browser und Computer\/Endger\u00e4t gesetzt und m\u00fcssen daher f\u00fcr jeden Browser, Computer oder jedes andere Endger\u00e4t separat aktiviert werden.<br \/><br \/><b>YouTube<\/b><br \/>Auf dieser Website sind Funktionen des Dienstes \u00abYouTube\u00bb integriert. \u00abYouTube\u00bb ist Eigentum von Google Ireland Limited, einem nach irischem Recht gegr\u00fcndeten und betriebenen Unternehmen mit Sitz in Gordon House, Barrow Street, Dublin 4, Irland, das die Dienste im Europ\u00e4ischen Wirtschaftsraum und in der Schweiz betreibt. <br \/>Ihre rechtliche Vereinbarung mit \u00abYouTube\u00bb besteht aus den Bedingungen, die Sie unter dem folgenden Link finden: https:\/\/www.youtube.com\/static?gl=de&amp;template=terms&amp;hl=de. Diese Bedingungen stellen eine rechtsverbindliche Vereinbarung zwischen Ihnen und \u00abYouTube\u00bb bez\u00fcglich Ihrer Nutzung der Dienste dar. In den Datenschutzbestimmungen von Google wird erl\u00e4utert, wie \u00abYouTube\u00bb Ihre pers\u00f6nlichen Daten behandelt und sch\u00fctzt, wenn Sie den Dienst nutzen.<br \/><br \/><b>Daten\u00fcbermittlung in die USA<\/b><br \/>Auf unserer Website sind u.a. Tools von Unternehmen mit Sitz in den USA eingebunden. Wenn diese Tools aktiv sind, k\u00f6nnen Ihre personenbezogenen Daten an die US-Server der jeweiligen Unternehmen \u00fcbertragen werden. Wir weisen darauf hin, dass die USA kein sicherer Drittstaat im Sinne des EU-Datenschutzrechts sind. US-Unternehmen sind verpflichtet, personenbezogene Daten an Sicherheitsbeh\u00f6rden herauszugeben, ohne dass Sie als Betroffener dagegen rechtlich vorgehen k\u00f6nnen. Es kann daher nicht ausgeschlossen werden, dass US-Beh\u00f6rden (z.B. Geheimdienste) Ihre auf US-Servern befindlichen Daten zu \u00dcberwachungszwecken verarbeiten, auswerten und dauerhaft speichern. Auf diese Verarbeitungsvorg\u00e4nge haben wir keinen Einfluss.<br \/><br \/><b>\u00c4nderungen<\/b><br \/>Wir k\u00f6nnen diese Datenschutzrichtlinie jederzeit ohne vorherige Ank\u00fcndigung \u00e4ndern. Es gilt die jeweils aktuelle, auf unserer Website ver\u00f6ffentlichte Fassung. Soweit die Datenschutzerkl\u00e4rung Teil einer Vereinbarung mit Ihnen ist, werden wir Sie im Falle einer Aktualisierung per E-Mail oder auf andere geeignete Weise \u00fcber die \u00c4nderung informieren.<br \/><br \/><b>Haftungsausschluss<\/b><br \/>Der Autor \u00fcbernimmt keine Gew\u00e4hr f\u00fcr die Richtigkeit, Genauigkeit, Aktualit\u00e4t, Zuverl\u00e4ssigkeit und Vollst\u00e4ndigkeit der Informationen.<br \/>Haftungsanspr\u00fcche gegen den Autor wegen Sch\u00e4den materieller oder immaterieller Art, die aus dem Zugriff oder der Nutzung bzw. Nichtnutzung der ver\u00f6ffentlichten Informationen, durch Missbrauch der Verbindung oder durch technische St\u00f6rungen entstanden sind, werden ausgeschlossen.<br \/><br \/>Alle Angebote sind freibleibend. Der Autor beh\u00e4lt es sich ausdr\u00fccklich vor, Teile der Seiten oder das gesamte Angebot ohne gesonderte Ank\u00fcndigung zu ver\u00e4ndern, zu erg\u00e4nzen, zu l\u00f6schen oder die Ver\u00f6ffentlichung zeitweise oder endg\u00fcltig einzustellen.<br \/><br \/><b>Quelle<\/b>: <a href=\"https:\/\/brainbox.swiss\/\">BrainBox Solutions<\/a><\/span><\/p>\t\t\t\t\t\t\t\t<\/div>\n\t\t\t\t<\/div>\n\t\t\t\t\t<\/div>\n\t\t\t\t<\/div>\n\t\t\t\t<\/div>\n\t\t","protected":false},"excerpt":{"rendered":"<p>Datenschutzbestimmungen greenkiwiConnie Sch\u00e4rliSchopfe 56024 HildisriedenMobile 076 206 33 60info@greenkiwi.ch Vertretungsberechtigte PersonConnie Sch\u00e4rli Name des Unternehmens: greenkiwi Ern\u00e4hrungsbalance Datenschutzbeauftragte Person:GreenkiwiTelefon +41 (0) 76 206 33 60info@greenkiwi.ch Allgemeines \/ EinleitungGest\u00fctzt auf Artikel 13 der Schweizerischen Bundesverfassung und die datenschutzrechtlichen Bestimmungen des Bundes (Datenschutzgesetz, DSG) hat jede Person Anspruch auf Schutz ihrer Privatsph\u00e4re sowie auf Schutz vor Missbrauch [&hellip;]<\/p>\n","protected":false},"author":1,"featured_media":0,"parent":0,"menu_order":0,"comment_status":"closed","ping_status":"closed","template":"elementor_header_footer","meta":{"footnotes":""},"class_list":["post-9","page","type-page","status-publish","hentry"],"_links":{"self":[{"href":"https:\/\/greenkiwi.digitalplace.ch\/index.php\/wp-json\/wp\/v2\/pages\/9","targetHints":{"allow":["GET"]}}],"collection":[{"href":"https:\/\/greenkiwi.digitalplace.ch\/index.php\/wp-json\/wp\/v2\/pages"}],"about":[{"href":"https:\/\/greenkiwi.digitalplace.ch\/index.php\/wp-json\/wp\/v2\/types\/page"}],"author":[{"embeddable":true,"href":"https:\/\/greenkiwi.digitalplace.ch\/index.php\/wp-json\/wp\/v2\/users\/1"}],"replies":[{"embeddable":true,"href":"https:\/\/greenkiwi.digitalplace.ch\/index.php\/wp-json\/wp\/v2\/comments?post=9"}],"version-history":[{"count":7,"href":"https:\/\/greenkiwi.digitalplace.ch\/index.php\/wp-json\/wp\/v2\/pages\/9\/revisions"}],"predecessor-version":[{"id":287,"href":"https:\/\/greenkiwi.digitalplace.ch\/index.php\/wp-json\/wp\/v2\/pages\/9\/revisions\/287"}],"wp:attachment":[{"href":"https:\/\/greenkiwi.digitalplace.ch\/index.php\/wp-json\/wp\/v2\/media?parent=9"}],"curies":[{"name":"wp","href":"https:\/\/api.w.org\/{rel}","templated":true}]}}